{"id":123,"date":"2024-10-18T11:52:17","date_gmt":"2024-10-18T11:52:17","guid":{"rendered":"https:\/\/psiholog-satu-mare.com\/hu\/?page_id=123"},"modified":"2025-02-28T11:37:06","modified_gmt":"2025-02-28T11:37:06","slug":"egyeni-terapia","status":"publish","type":"page","link":"https:\/\/psiholog-satu-mare.com\/hu\/egyeni-terapia\/","title":{"rendered":"Egy\u00e9ni ter\u00e1pia"},"content":{"rendered":"<section class=\"l-section wpb_row height_medium\"><div class=\"l-section-h i-cf\"><div class=\"g-cols vc_row via_flex valign_top type_default stacking_default\"><div class=\"vc_col-sm-12 wpb_column vc_column_container\"><div class=\"vc_column-inner\"><div class=\"wpb_wrapper\"><div class=\"wpb_text_column\"><div class=\"wpb_wrapper\"><h2>Egy\u00e9ni ter\u00e1pia<\/h2>\n<\/div><\/div><\/div><\/div><\/div><\/div><\/div><\/section><section class=\"l-section wpb_row height_medium\"><div class=\"l-section-h i-cf\"><div class=\"g-cols vc_row via_flex valign_top type_default stacking_default\"><div class=\"vc_col-sm-12 wpb_column vc_column_container\"><div class=\"vc_column-inner\"><div class=\"wpb_wrapper\"><div class=\"wpb_text_column\"><div class=\"wpb_wrapper\"><p class=\"p1\"><strong>Neh\u00e9z id\u0151szakok az \u00e9let\u00fcnkben<\/strong><br \/>\nMindenkinek vannak az \u00e9let\u00e9ben olyan id\u0151szakok, amikor \u00fagy \u00e9rzi, hogy megrekedt, \u00e9s nem l\u00e1tja a kiutat. Ezek a helyzetek kih\u00edv\u00e1st jelenthetnek, de lehet\u0151s\u00e9get is rejtenek magukban: arra \u00f6szt\u00f6n\u00f6znek, hogy \u00faj er\u0151forr\u00e1sokat tal\u00e1ljunk \u00f6nmagunkban, \u00e9s szemben\u00e9zz\u00fcnk az akad\u00e1lyainkkal.<\/p>\n<p class=\"p1\">A neh\u00e9z id\u0151szakok gyakran arra h\u00edvnak minket, hogy megismerj\u00fck \u00e9s aktiv\u00e1ljuk bels\u0151 er\u0151inket \u2013 azokat a rejtett k\u00e9pess\u00e9geinket \u00e9s tartal\u00e9kainkat, amelyek seg\u00edthetnek a megk\u00fczd\u00e9sben \u00e9s a tov\u00e1bbl\u00e9p\u00e9sben. Ez a folyamat lehet f\u00e1jdalmas, de egy\u00fattal \u00e9p\u00edt\u0151 is: \u00e1ltala tanulhatunk valami \u00fajat magunkr\u00f3l \u00e9s arr\u00f3l, hogyan v\u00e1lhatunk er\u0151sebb\u00e9, kitart\u00f3bb\u00e1.<\/p>\n<p class=\"p1\"><strong>Traum\u00e1k \u00e9s elakad\u00e1sok<\/strong><br \/>\nGyakran megreked\u00fcnk az \u00e9let\u00fcnkben an\u00e9lk\u00fcl, hogy \u00e9rten\u00e9nk, mi\u00e9rt. Sokszor a m\u00faltban \u00e1t\u00e9lt traum\u00e1k \u00e1llnak ezek m\u00f6g\u00f6tt az elakad\u00e1sok m\u00f6g\u00f6tt \u2013 olyan neh\u00e9z \u00e9lm\u00e9nyek, amelyeket nem tudtunk feldolgozni, \u00e9s amelyek m\u00e9g ma is befoly\u00e1solj\u00e1k az \u00e9let\u00fcnket.<\/p>\n<p class=\"p1\">A traum\u00e1k feldolgoz\u00e1sa azonban felszabad\u00edt\u00f3 erej\u0171 lehet. Seg\u00edt elengedni a m\u00falt terheit, tiszt\u00e1bban l\u00e1tni \u00f6nmagunkat \u00e9s helyzet\u00fcnket, \u00e9s \u00edgy k\u00e9pesek lesz\u00fcnk megl\u00e1tni azokat az \u00faj utakat, amelyek eddig rejtve voltak el\u0151tt\u00fcnk. Ez a folyamat nemcsak a gy\u00f3gyul\u00e1sr\u00f3l sz\u00f3l, hanem arr\u00f3l is, hogy \u00faj perspekt\u00edv\u00e1k ny\u00edljanak meg, amelyekre t\u00e1maszkodva b\u00e1tran elindulhatunk a v\u00e1ltoz\u00e1s \u00fatj\u00e1n.<\/p>\n<p class=\"p1\"><strong>Merj \u00faj utakat keresni<\/strong><br \/>\nEgyszer olvastam valahol: \u201eHa keresel valamit, ne a megszokott \u00faton menj, ahol m\u00e1r ezerszer j\u00e1rt\u00e1l \u00e9s nem tal\u00e1ltad. M\u00e1s utat kell keresned \u2013 egy ismeretlen \u00f6sv\u00e9nyt, ahol m\u00e9g sosem j\u00e1rt\u00e1l.\u201d<\/p>\n<p class=\"p1\">A pszichoter\u00e1pia pontosan ebben seg\u00edt. Megtal\u00e1lni azokat a bels\u0151 er\u0151forr\u00e1sokat, amelyek lehet\u0151v\u00e9 teszik, hogy kil\u00e9pj a komfortz\u00f3n\u00e1db\u00f3l, \u00faj utakat fedezz fel, \u00e9s m\u00e1s sz\u00f6gb\u0151l is r\u00e1n\u00e9zz a helyzetedre. Ez\u00e1ltal jobban megismerheted \u00f6nmagad, felt\u00e9rk\u00e9pezheted a hat\u00e1raidat, \u00e9s ha szeretn\u00e9d, \u00e1t is l\u00e9pheted azokat.<\/p>\n<\/div><\/div><\/div><\/div><\/div><\/div><\/div><\/section><section class=\"l-section wpb_row height_medium\"><div class=\"l-section-h i-cf\"><div class=\"g-cols vc_row via_flex valign_top type_default stacking_default\"><div class=\"vc_col-sm-12 wpb_column vc_column_container\"><div class=\"vc_column-inner\"><div class=\"wpb_wrapper\"><div class=\"w-image align_none\"><div class=\"w-image-h\"><img decoding=\"async\" width=\"1158\" height=\"1400\" src=\"https:\/\/psiholog-satu-mare.com\/hu\/wp-content\/uploads\/2025\/02\/kezekk-scaled.jpg\" class=\"attachment-full size-full\" alt=\"\" loading=\"lazy\" srcset=\"https:\/\/psiholog-satu-mare.com\/hu\/wp-content\/uploads\/2025\/02\/kezekk-scaled.jpg 1158w, https:\/\/psiholog-satu-mare.com\/hu\/wp-content\/uploads\/2025\/02\/kezekk-248x300.jpg 248w, https:\/\/psiholog-satu-mare.com\/hu\/wp-content\/uploads\/2025\/02\/kezekk-847x1024.jpg 847w\" sizes=\"auto, (max-width: 1158px) 100vw, 1158px\" \/><\/div><\/div><\/div><\/div><\/div><\/div><\/div><\/section>\n","protected":false},"excerpt":{"rendered":"Egy\u00e9ni ter\u00e1pia Neh\u00e9z id\u0151szakok az \u00e9let\u00fcnkben Mindenkinek vannak az \u00e9let\u00e9ben olyan id\u0151szakok, amikor \u00fagy \u00e9rzi, hogy megrekedt, \u00e9s nem l\u00e1tja a kiutat. Ezek a helyzetek kih\u00edv\u00e1st jelenthetnek, de lehet\u0151s\u00e9get is rejtenek magukban: arra \u00f6szt\u00f6n\u00f6znek, hogy \u00faj er\u0151forr\u00e1sokat tal\u00e1ljunk \u00f6nmagunkban, \u00e9s szemben\u00e9zz\u00fcnk az akad\u00e1lyainkkal. A neh\u00e9z id\u0151szakok gyakran arra h\u00edvnak minket, hogy megismerj\u00fck \u00e9s aktiv\u00e1ljuk bels\u0151...","protected":false},"author":3,"featured_media":0,"parent":0,"menu_order":0,"comment_status":"closed","ping_status":"closed","template":"","meta":{"footnotes":""},"class_list":["post-123","page","type-page","status-publish","hentry"],"_links":{"self":[{"href":"https:\/\/psiholog-satu-mare.com\/hu\/wp-json\/wp\/v2\/pages\/123","targetHints":{"allow":["GET"]}}],"collection":[{"href":"https:\/\/psiholog-satu-mare.com\/hu\/wp-json\/wp\/v2\/pages"}],"about":[{"href":"https:\/\/psiholog-satu-mare.com\/hu\/wp-json\/wp\/v2\/types\/page"}],"author":[{"embeddable":true,"href":"https:\/\/psiholog-satu-mare.com\/hu\/wp-json\/wp\/v2\/users\/3"}],"replies":[{"embeddable":true,"href":"https:\/\/psiholog-satu-mare.com\/hu\/wp-json\/wp\/v2\/comments?post=123"}],"version-history":[{"count":6,"href":"https:\/\/psiholog-satu-mare.com\/hu\/wp-json\/wp\/v2\/pages\/123\/revisions"}],"predecessor-version":[{"id":337,"href":"https:\/\/psiholog-satu-mare.com\/hu\/wp-json\/wp\/v2\/pages\/123\/revisions\/337"}],"wp:attachment":[{"href":"https:\/\/psiholog-satu-mare.com\/hu\/wp-json\/wp\/v2\/media?parent=123"}],"curies":[{"name":"wp","href":"https:\/\/api.w.org\/{rel}","templated":true}]}}