{"id":184,"date":"2024-10-21T06:41:38","date_gmt":"2024-10-21T06:41:38","guid":{"rendered":"https:\/\/psiholog-satu-mare.com\/hu\/?page_id=184"},"modified":"2025-02-07T10:45:07","modified_gmt":"2025-02-07T10:45:07","slug":"gyasz-feldolgozasa","status":"publish","type":"page","link":"https:\/\/psiholog-satu-mare.com\/hu\/gyasz-feldolgozasa\/","title":{"rendered":"Gy\u00e1szfeldolgoz\u00e1s &#8211; T\u00e1mogat\u00e1s a vesztes\u00e9g feldolgoz\u00e1s\u00e1ban"},"content":{"rendered":"<section class=\"l-section wpb_row height_medium\"><div class=\"l-section-h i-cf\"><div class=\"g-cols vc_row via_flex valign_top type_default stacking_default\"><div class=\"vc_col-sm-12 wpb_column vc_column_container\"><div class=\"vc_column-inner\"><div class=\"wpb_wrapper\"><div class=\"wpb_text_column\"><div class=\"wpb_wrapper\"><h1 class=\"cufon\">Gy\u00e1szfeldolgoz\u00e1s &#8211; T\u00e1mogat\u00e1s a vesztes\u00e9g feldolgoz\u00e1s\u00e1ban<\/h1>\n<\/div><\/div><\/div><\/div><\/div><\/div><\/div><\/section><section class=\"l-section wpb_row height_medium\"><div class=\"l-section-h i-cf\"><div class=\"g-cols vc_row via_flex valign_top type_default stacking_default\"><div class=\"vc_col-sm-12 wpb_column vc_column_container\"><div class=\"vc_column-inner\"><div class=\"wpb_wrapper\"><div class=\"wpb_text_column\"><div class=\"wpb_wrapper\"><p class=\"p1\">\u201eA gy\u00e1sz az \u00e1r, amit meg kell fizetn\u00fcnk az\u00e9rt, hogy volt mersz\u00fcnk szeretni.\u201d \u2013 Irvin D. Yalom<\/p>\n<p class=\"p1\">A gy\u00e1sz minden ember \u00e9let\u00e9nek r\u00e9sze, hiszen vesztes\u00e9geket mindannyian \u00e1t\u00e9l\u00fcnk \u00e9let\u00fcnk sor\u00e1n. Egy szeretett szem\u00e9ly elveszt\u00e9se, egy kapcsolat megszakad\u00e1sa, egy fontos \u00e9letszakasz lez\u00e1rul\u00e1sa mind-mind olyan \u00e9rzelmi kih\u00edv\u00e1sokat jelenthetnek, amelyekkel nehez\u00fcnkre esik egyed\u00fcl megbirk\u00f3zni.<\/p>\n<p class=\"p1\">A gy\u00e1sz folyamata egyedi \u00e9s szem\u00e9lyes. Nincsenek &#8220;helyes&#8221; vagy &#8220;rossz&#8221; m\u00f3dok az \u00e1t\u00e9l\u00e9s\u00e9re. Vannak azonban olyan \u00e1llom\u00e1sai \u2013 mint a tagad\u00e1s, harag, alkudoz\u00e1s, depresszi\u00f3 \u00e9s elfogad\u00e1s \u2013 amelyek seg\u00edthetnek meg\u00e9rteni saj\u00e1t \u00e9rzelmi reakci\u00f3inkat. A vesztes\u00e9g feldolgoz\u00e1sa id\u0151t ig\u00e9nyel, \u00e9s fontos tudni, hogy nem kell egyed\u00fcl szemben\u00e9zni ezekkel az \u00e9rz\u00e9sekkel.<\/p>\n<p class=\"p2\"><b>Hogyan seg\u00edthet a pszichoter\u00e1pia?<\/b><b><\/b><\/p>\n<p class=\"p1\">A pszichoter\u00e1pia biztons\u00e1gos teret ny\u00fajt arra, hogy meg\u00e9lje, meg\u00e9rtse \u00e9s feldolgozza a vesztes\u00e9ggel j\u00e1r\u00f3 \u00e9rzelmeket. A terapeuta seg\u00edt:<\/p>\n<ul class=\"ul1\">\n<li class=\"li1\"><span class=\"s1\"><\/span>felismerni \u00e9s elfogadni a gy\u00e1sszal j\u00e1r\u00f3 komplex \u00e9rzelmeket, mint a b\u00e1nat, d\u00fch, szorong\u00e1s vagy \u00fcress\u00e9g,<\/li>\n<li class=\"li1\"><span class=\"s1\"><\/span>feldolgozni az elenged\u00e9s f\u00e1jdalm\u00e1t, mik\u00f6zben megtartani az eml\u00e9kek jelent\u0151s\u00e9g\u00e9t,<\/li>\n<li class=\"li1\"><span class=\"s1\"><\/span>megtal\u00e1lni az \u00e9let \u00faj egyens\u00falypontjait a vesztes\u00e9g ut\u00e1n,<\/li>\n<li class=\"li1\"><span class=\"s1\"><\/span>seg\u00edteni a gy\u00e1sz feldolgoz\u00e1s\u00e1ban elakad\u00e1sokat feloldani.<\/li>\n<\/ul>\n<p class=\"p2\"><b>Nem vagy egyed\u00fcl.<\/b><b><\/b><\/p>\n<p class=\"p1\">Ha \u00fagy \u00e9rzi, hogy a vesztes\u00e9g terhe t\u00fal nehez\u00e9 v\u00e1lt, keressen bizalommal. Egy\u00fctt megtal\u00e1lhatjuk azokat az er\u0151forr\u00e1sokat, amelyek seg\u00edtenek tov\u00e1bbl\u00e9pni, mik\u00f6zben tiszteletben tartjuk mindazt, amit a szeretet \u00e9s az eml\u00e9kez\u00e9s jelent az \u00f6n sz\u00e1m\u00e1ra.<\/p>\n<\/div><\/div><\/div><\/div><\/div><\/div><\/div><\/section><section class=\"l-section wpb_row height_medium\"><div class=\"l-section-h i-cf\"><div class=\"g-cols vc_row via_flex valign_top type_default stacking_default\"><div class=\"vc_col-sm-12 wpb_column vc_column_container\"><div class=\"vc_column-inner\"><div class=\"wpb_wrapper\"><div class=\"w-image align_none\"><div class=\"w-image-h\"><img decoding=\"async\" width=\"1400\" height=\"934\" src=\"https:\/\/psiholog-satu-mare.com\/hu\/wp-content\/uploads\/2024\/10\/graveyard-background-concept.jpg\" class=\"attachment-full size-full\" alt=\"\" loading=\"lazy\" srcset=\"https:\/\/psiholog-satu-mare.com\/hu\/wp-content\/uploads\/2024\/10\/graveyard-background-concept.jpg 1400w, https:\/\/psiholog-satu-mare.com\/hu\/wp-content\/uploads\/2024\/10\/graveyard-background-concept-300x200.jpg 300w, https:\/\/psiholog-satu-mare.com\/hu\/wp-content\/uploads\/2024\/10\/graveyard-background-concept-1024x683.jpg 1024w\" sizes=\"auto, (max-width: 1400px) 100vw, 1400px\" \/><\/div><\/div><\/div><\/div><\/div><\/div><\/div><\/section>\n","protected":false},"excerpt":{"rendered":"Gy\u00e1szfeldolgoz\u00e1s &#8211; T\u00e1mogat\u00e1s a vesztes\u00e9g feldolgoz\u00e1s\u00e1ban \u201eA gy\u00e1sz az \u00e1r, amit meg kell fizetn\u00fcnk az\u00e9rt, hogy volt mersz\u00fcnk szeretni.\u201d \u2013 Irvin D. Yalom A gy\u00e1sz minden ember \u00e9let\u00e9nek r\u00e9sze, hiszen vesztes\u00e9geket mindannyian \u00e1t\u00e9l\u00fcnk \u00e9let\u00fcnk sor\u00e1n. Egy szeretett szem\u00e9ly elveszt\u00e9se, egy kapcsolat megszakad\u00e1sa, egy fontos \u00e9letszakasz lez\u00e1rul\u00e1sa mind-mind olyan \u00e9rzelmi kih\u00edv\u00e1sokat jelenthetnek, amelyekkel nehez\u00fcnkre esik egyed\u00fcl...","protected":false},"author":3,"featured_media":0,"parent":0,"menu_order":0,"comment_status":"closed","ping_status":"closed","template":"","meta":{"footnotes":""},"class_list":["post-184","page","type-page","status-publish","hentry"],"_links":{"self":[{"href":"https:\/\/psiholog-satu-mare.com\/hu\/wp-json\/wp\/v2\/pages\/184","targetHints":{"allow":["GET"]}}],"collection":[{"href":"https:\/\/psiholog-satu-mare.com\/hu\/wp-json\/wp\/v2\/pages"}],"about":[{"href":"https:\/\/psiholog-satu-mare.com\/hu\/wp-json\/wp\/v2\/types\/page"}],"author":[{"embeddable":true,"href":"https:\/\/psiholog-satu-mare.com\/hu\/wp-json\/wp\/v2\/users\/3"}],"replies":[{"embeddable":true,"href":"https:\/\/psiholog-satu-mare.com\/hu\/wp-json\/wp\/v2\/comments?post=184"}],"version-history":[{"count":4,"href":"https:\/\/psiholog-satu-mare.com\/hu\/wp-json\/wp\/v2\/pages\/184\/revisions"}],"predecessor-version":[{"id":287,"href":"https:\/\/psiholog-satu-mare.com\/hu\/wp-json\/wp\/v2\/pages\/184\/revisions\/287"}],"wp:attachment":[{"href":"https:\/\/psiholog-satu-mare.com\/hu\/wp-json\/wp\/v2\/media?parent=184"}],"curies":[{"name":"wp","href":"https:\/\/api.w.org\/{rel}","templated":true}]}}