{"id":212,"date":"2024-10-21T07:05:04","date_gmt":"2024-10-21T07:05:04","guid":{"rendered":"https:\/\/psiholog-satu-mare.com\/hu\/?page_id=212"},"modified":"2025-02-07T10:39:11","modified_gmt":"2025-02-07T10:39:11","slug":"szorongasos-zavarokfobiak-kezelese","status":"publish","type":"page","link":"https:\/\/psiholog-satu-mare.com\/hu\/szorongasos-zavarokfobiak-kezelese\/","title":{"rendered":"Szorong\u00e1sos zavarok,f\u00f3bi\u00e1k kezel\u00e9se"},"content":{"rendered":"<section class=\"l-section wpb_row height_medium\"><div class=\"l-section-h i-cf\"><div class=\"g-cols vc_row via_flex valign_top type_default stacking_default\"><div class=\"vc_col-sm-12 wpb_column vc_column_container\"><div class=\"vc_column-inner\"><div class=\"wpb_wrapper\"><div class=\"wpb_text_column\"><div class=\"wpb_wrapper\"><h1 class=\"cufon\">Szorong\u00e1sos zavarok,f\u00f3bi\u00e1k kezel\u00e9se<\/h1>\n<\/div><\/div><\/div><\/div><\/div><\/div><\/div><\/section><section class=\"l-section wpb_row height_medium\"><div class=\"l-section-h i-cf\"><div class=\"g-cols vc_row via_flex valign_top type_default stacking_default\"><div class=\"vc_col-sm-12 wpb_column vc_column_container\"><div class=\"vc_column-inner\"><div class=\"wpb_wrapper\"><div class=\"wpb_text_column\"><div class=\"wpb_wrapper\"><p class=\"p1\">&#8220;A szorong\u00e1s a j\u00f6v\u0151re vonatkoz\u00f3 f\u00e9lelem, a depresszi\u00f3 pedig a m\u00falt f\u00e1jdalma.&#8221; John Bradshaw<\/p>\n<p class=\"p2\">A szorong\u00e1sos zavarok a leggyakoribb ment\u00e1lis probl\u00e9m\u00e1k k\u00f6z\u00e9 tartoznak, \u00e9s sz\u00e1mos form\u00e1ban jelentkezhetnek. Az ilyen t\u00edpus\u00fa zavarok jellemz\u0151en az egy\u00e9n \u00e9rzelmi, ment\u00e1lis \u00e9s fizikai \u00e1llapot\u00e1t befoly\u00e1solj\u00e1k, \u00e9s jelent\u0151s hat\u00e1ssal lehetnek mindennapi \u00e9let\u00fckre. A szorong\u00e1sos zavarok k\u00fcl\u00f6nb\u00f6z\u0151 megjelen\u00e9si form\u00e1i k\u00f6z\u00e9 tartoznak a generaliz\u00e1lt szorong\u00e1sos zavar, p\u00e1nikbetegs\u00e9g, szoci\u00e1lis szorong\u00e1sos zavar \u00e9s f\u00f3bi\u00e1k.<\/p>\n<p class=\"p3\"><strong>Mi a szorong\u00e1sos zavar?<\/strong><\/p>\n<p class=\"p2\">A szorong\u00e1sos zavarok olyan \u00e1llapotok, amelyekben az egy\u00e9n \u00e1lland\u00f3 vagy t\u00falzottan intenz\u00edv szorong\u00e1st \u00e9rez. Ez a szorong\u00e1s gyakran nem ar\u00e1nyos a val\u00f3s helyzetekkel, \u00e9s olyan m\u00e9rt\u00e9kben korl\u00e1tozhatja az \u00e9letmin\u0151s\u00e9get, hogy napi tev\u00e9kenys\u00e9geket is megnehez\u00edthet. Az \u00e9rintettek szorong\u00e1st, f\u00e9lelmet, fesz\u00fclts\u00e9get \u00e9s idegess\u00e9get \u00e9lhetnek \u00e1t, \u00e9s ezek a t\u00fcnetek nemcsak a gondolkod\u00e1sra, hanem a testi t\u00fcnetekre is kihatnak, mint p\u00e9ld\u00e1ul gyors sz\u00edvver\u00e9s, izzad\u00e1s vagy remeg\u00e9s.<\/p>\n<p class=\"p3\"><strong>F\u00f3bi\u00e1k: A szorong\u00e1s egyik specifikus form\u00e1ja<\/strong><\/p>\n<p class=\"p2\">A f\u00f3bia egy olyan szorong\u00e1sos zavar, amely egy adott t\u00e1rgy vagy helyzet ir\u00e1nti irracion\u00e1lis, intenz\u00edv f\u00e9lelemmel jellemezhet\u0151. Az \u00e9rintett szem\u00e9lyek gyakran elker\u00fclik azokat a helyzeteket, amelyekben az \u0151ket f\u00e9lelemben tart\u00f3 dolog jelen lehet. A f\u00f3bi\u00e1k sz\u00e1mos form\u00e1ban megjelenhetnek, p\u00e9ld\u00e1ul:<\/p>\n<ul class=\"ul1\">\n<li class=\"li2\"><span class=\"s1\"><\/span>Agoraf\u00f3bia: Ny\u00edlt tereken, zs\u00fafolt helyeken vagy a haz\u00e1jukt\u00f3l t\u00e1vol es\u0151 helyeken val\u00f3 tart\u00f3zkod\u00e1st\u00f3l val\u00f3 f\u00e9lelem.<\/li>\n<li class=\"li2\"><span class=\"s1\"><\/span>Szoci\u00e1lis f\u00f3bi\u00e1k: A t\u00e1rsas helyzetekben val\u00f3 megjelen\u00e9s okozta f\u00e9lelem, p\u00e9ld\u00e1ul besz\u00e9lget\u00e9sek, nyilv\u00e1nos besz\u00e9d vagy egy\u00e9b szoci\u00e1lis interakci\u00f3k.<\/li>\n<li class=\"li2\"><span class=\"s1\"><\/span>Specifikus f\u00f3bi\u00e1k: Egyes konkr\u00e9t t\u00e1rgyakhoz vagy \u00e9l\u0151l\u00e9nyekhez val\u00f3 f\u00e9lelem, mint p\u00e9ld\u00e1ul p\u00f3kok, magaslatok vagy rep\u00fcl\u00e9s<span class=\"s2\">.<\/span><\/li>\n<\/ul>\n<p class=\"p3\"><strong>A szorong\u00e1sos zavarok okai<\/strong><\/p>\n<p class=\"p2\">A szorong\u00e1sos zavarok kialakul\u00e1s\u00e1nak t\u00f6bb oka is lehet. A genetikai t\u00e9nyez\u0151k, a k\u00f6rnyezeti hat\u00e1sok, a stressz \u00e9s a traumatikus \u00e9lm\u00e9nyek mind hozz\u00e1j\u00e1rulhatnak a zavarok kialakul\u00e1s\u00e1hoz. A feldolgozatlan traum\u00e1k, mint p\u00e9ld\u00e1ul egy b\u00e1ntalmaz\u00e1s, baleset vagy m\u00e1s s\u00falyos, \u00e9rzelmi megterhel\u00e9st okoz\u00f3 esem\u00e9nyek, gyakran hossz\u00fa t\u00e1von is hat\u00e1ssal vannak a ment\u00e1lis \u00e1llapotunkra. A trauma elfojt\u00e1sa, vagy annak feldolgoz\u00e1s\u00e1nak hi\u00e1nya olyan szorong\u00e1st v\u00e1lthat ki, amely id\u0151vel ak\u00e1r szorong\u00e1sos zavarok kialakul\u00e1s\u00e1hoz is vezethet. Az emberek k\u00fcl\u00f6nb\u00f6z\u0151 m\u00f3don reag\u00e1lnak a stresszre, \u00e9s egyesek hajlamosabbak lehetnek arra, hogy a szorong\u00e1st kr\u00f3nikus \u00e1llapotk\u00e9nt tapasztalj\u00e1k meg.<\/p>\n<p class=\"p2\"><strong>Hogyan kezelhet\u0151k a szorong\u00e1sos zavarok?<\/strong><\/p>\n<p class=\"p2\">A legjobb eredm\u00e9nyek el\u00e9r\u00e9se \u00e9rdek\u00e9ben gyakran sz\u00fcks\u00e9g van k\u00fcl\u00f6nb\u00f6z\u0151 kezel\u00e9si m\u00f3dszerek kombin\u00e1l\u00e1s\u00e1ra. A pszichoter\u00e1pia, a szomatikus ter\u00e1pia, az EMDR traumafeldolgoz\u00f3 ter\u00e1pia \u00e9s a neurofeedback ter\u00e1pia egy\u00fcttes alkalmaz\u00e1sa gyorsabb \u00e9s tart\u00f3sabb javul\u00e1st eredm\u00e9nyezhet. A szakemberek az egy\u00e9ni ig\u00e9nyek \u00e9s a kezel\u00e9si c\u00e9lok figyelembev\u00e9tel\u00e9vel szem\u00e9lyre szabott ter\u00e1pi\u00e1s tervet dolgoznak ki, amely hat\u00e9konyan seg\u00edthet a szorong\u00e1s lek\u00fczd\u00e9s\u00e9ben.<\/p>\n<\/div><\/div><\/div><\/div><\/div><\/div><\/div><\/section><section class=\"l-section wpb_row height_medium\"><div class=\"l-section-h i-cf\"><div class=\"g-cols vc_row via_flex valign_top type_default stacking_default\"><div class=\"vc_col-sm-12 wpb_column vc_column_container\"><div class=\"vc_column-inner\"><div class=\"wpb_wrapper\"><div class=\"w-image align_none\"><div class=\"w-image-h\"><img decoding=\"async\" width=\"1400\" height=\"945\" src=\"https:\/\/psiholog-satu-mare.com\/hu\/wp-content\/uploads\/2024\/10\/front-view-woman-sitting-couch.jpg\" class=\"attachment-full size-full\" alt=\"\" loading=\"lazy\" srcset=\"https:\/\/psiholog-satu-mare.com\/hu\/wp-content\/uploads\/2024\/10\/front-view-woman-sitting-couch.jpg 1400w, https:\/\/psiholog-satu-mare.com\/hu\/wp-content\/uploads\/2024\/10\/front-view-woman-sitting-couch-300x203.jpg 300w, https:\/\/psiholog-satu-mare.com\/hu\/wp-content\/uploads\/2024\/10\/front-view-woman-sitting-couch-1024x691.jpg 1024w\" sizes=\"auto, (max-width: 1400px) 100vw, 1400px\" \/><\/div><\/div><\/div><\/div><\/div><\/div><\/div><\/section>\n","protected":false},"excerpt":{"rendered":"Szorong\u00e1sos zavarok,f\u00f3bi\u00e1k kezel\u00e9se &#8220;A szorong\u00e1s a j\u00f6v\u0151re vonatkoz\u00f3 f\u00e9lelem, a depresszi\u00f3 pedig a m\u00falt f\u00e1jdalma.&#8221; John Bradshaw A szorong\u00e1sos zavarok a leggyakoribb ment\u00e1lis probl\u00e9m\u00e1k k\u00f6z\u00e9 tartoznak, \u00e9s sz\u00e1mos form\u00e1ban jelentkezhetnek. Az ilyen t\u00edpus\u00fa zavarok jellemz\u0151en az egy\u00e9n \u00e9rzelmi, ment\u00e1lis \u00e9s fizikai \u00e1llapot\u00e1t befoly\u00e1solj\u00e1k, \u00e9s jelent\u0151s hat\u00e1ssal lehetnek mindennapi \u00e9let\u00fckre. A szorong\u00e1sos zavarok k\u00fcl\u00f6nb\u00f6z\u0151 megjelen\u00e9si form\u00e1i...","protected":false},"author":3,"featured_media":0,"parent":0,"menu_order":0,"comment_status":"closed","ping_status":"closed","template":"","meta":{"footnotes":""},"class_list":["post-212","page","type-page","status-publish","hentry"],"_links":{"self":[{"href":"https:\/\/psiholog-satu-mare.com\/hu\/wp-json\/wp\/v2\/pages\/212","targetHints":{"allow":["GET"]}}],"collection":[{"href":"https:\/\/psiholog-satu-mare.com\/hu\/wp-json\/wp\/v2\/pages"}],"about":[{"href":"https:\/\/psiholog-satu-mare.com\/hu\/wp-json\/wp\/v2\/types\/page"}],"author":[{"embeddable":true,"href":"https:\/\/psiholog-satu-mare.com\/hu\/wp-json\/wp\/v2\/users\/3"}],"replies":[{"embeddable":true,"href":"https:\/\/psiholog-satu-mare.com\/hu\/wp-json\/wp\/v2\/comments?post=212"}],"version-history":[{"count":2,"href":"https:\/\/psiholog-satu-mare.com\/hu\/wp-json\/wp\/v2\/pages\/212\/revisions"}],"predecessor-version":[{"id":280,"href":"https:\/\/psiholog-satu-mare.com\/hu\/wp-json\/wp\/v2\/pages\/212\/revisions\/280"}],"wp:attachment":[{"href":"https:\/\/psiholog-satu-mare.com\/hu\/wp-json\/wp\/v2\/media?parent=212"}],"curies":[{"name":"wp","href":"https:\/\/api.w.org\/{rel}","templated":true}]}}