{"id":22,"date":"2024-09-28T17:37:22","date_gmt":"2024-09-28T17:37:22","guid":{"rendered":"https:\/\/psiholog-satu-mare.com\/hu\/a-pszichoterapiarol\/"},"modified":"2025-02-07T10:29:34","modified_gmt":"2025-02-07T10:29:34","slug":"a-pszichoterapiarol","status":"publish","type":"page","link":"https:\/\/psiholog-satu-mare.com\/hu\/a-pszichoterapiarol\/","title":{"rendered":"A pszichoter\u00e1pi\u00e1r\u00f3l"},"content":{"rendered":"<section class=\"l-section wpb_row height_medium\"><div class=\"l-section-h i-cf\"><div class=\"g-cols vc_row via_flex valign_top type_default stacking_default\"><div class=\"vc_col-sm-12 wpb_column vc_column_container\"><div class=\"vc_column-inner\"><div class=\"wpb_wrapper\"><div class=\"wpb_text_column\"><div class=\"wpb_wrapper\"><h1>A Lelki Egyens\u00faly Fel\u00e9<\/h1>\n<\/div><\/div><div class=\"wpb_text_column\"><div class=\"wpb_wrapper\"><p class=\"p1\">A pszichoter\u00e1pia nemcsak a probl\u00e9m\u00e1k megold\u00e1s\u00e1r\u00f3l sz\u00f3l, hanem az ember val\u00f3di term\u00e9szet\u00e9nek felfedez\u00e9s\u00e9r\u0151l, hogy megtal\u00e1lja a legnagyobb szem\u00e9lyes fejl\u0151d\u00e9st.\u201d Rollo May<\/p>\n<p class=\"p1\">A pszichoter\u00e1pia hat\u00e9kony m\u00f3dszer, amely seg\u00edt az embereknek meg\u00e9rteni \u00e9s feldolgozni bels\u0151 konfliktusaikat, \u00e9rzelmi neh\u00e9zs\u00e9geiket \u00e9s traum\u00e1ikat. Nem csup\u00e1n a neh\u00e9z \u00e9lethelyzetek kezel\u00e9s\u00e9re szolg\u00e1l, hanem olyan \u00f6nismereti \u00fat is, amely hozz\u00e1j\u00e1rul a szem\u00e9lyes fejl\u0151d\u00e9shez \u00e9s a lelki egyens\u00faly el\u00e9r\u00e9s\u00e9hez. A mindennapi \u00e9let sor\u00e1n sz\u00e1mos stresszhelyzettel, vesztes\u00e9ggel, \u00e9s kih\u00edv\u00e1ssal tal\u00e1lkozunk. Ezek feldolgoz\u00e1sa n\u00e9lk\u00fcl az \u00e9rzelmi megterhel\u00e9s gyakran szorong\u00e1shoz, leverts\u00e9ghez, alv\u00e1szavarokhoz \u00e9s testi t\u00fcnetekhez vezethet. A pszichoter\u00e1pia seg\u00edt felismerni \u00e9s meg\u00e9rteni ezeket az \u00e9rzelmi reakci\u00f3kat, mik\u00f6zben t\u00e1mogat\u00e1st ny\u00fajt \u00faj megk\u00fczd\u00e9si strat\u00e9gi\u00e1k kialak\u00edt\u00e1s\u00e1ban.<\/p>\n<p><img loading=\"lazy\" decoding=\"async\" class=\"aligncenter wp-image-106 size-full\" src=\"https:\/\/psiholog-satu-mare.com\/hu\/wp-content\/uploads\/2024\/10\/young-woman-park-with-her-white-dog.jpg\" alt=\"\" width=\"1400\" height=\"933\" srcset=\"https:\/\/psiholog-satu-mare.com\/hu\/wp-content\/uploads\/2024\/10\/young-woman-park-with-her-white-dog.jpg 1400w, https:\/\/psiholog-satu-mare.com\/hu\/wp-content\/uploads\/2024\/10\/young-woman-park-with-her-white-dog-300x200.jpg 300w, https:\/\/psiholog-satu-mare.com\/hu\/wp-content\/uploads\/2024\/10\/young-woman-park-with-her-white-dog-1024x682.jpg 1024w\" sizes=\"auto, (max-width: 1400px) 100vw, 1400px\" \/><\/p>\n<\/div><\/div><\/div><\/div><\/div><\/div><\/div><\/section>\n","protected":false},"excerpt":{"rendered":"A Lelki Egyens\u00faly Fel\u00e9 A pszichoter\u00e1pia nemcsak a probl\u00e9m\u00e1k megold\u00e1s\u00e1r\u00f3l sz\u00f3l, hanem az ember val\u00f3di term\u00e9szet\u00e9nek felfedez\u00e9s\u00e9r\u0151l, hogy megtal\u00e1lja a legnagyobb szem\u00e9lyes fejl\u0151d\u00e9st.\u201d Rollo May A pszichoter\u00e1pia hat\u00e9kony m\u00f3dszer, amely seg\u00edt az embereknek meg\u00e9rteni \u00e9s feldolgozni bels\u0151 konfliktusaikat, \u00e9rzelmi neh\u00e9zs\u00e9geiket \u00e9s traum\u00e1ikat. Nem csup\u00e1n a neh\u00e9z \u00e9lethelyzetek kezel\u00e9s\u00e9re szolg\u00e1l, hanem olyan \u00f6nismereti \u00fat is, amely...","protected":false},"author":2,"featured_media":0,"parent":0,"menu_order":20,"comment_status":"closed","ping_status":"closed","template":"","meta":{"footnotes":""},"class_list":["post-22","page","type-page","status-publish","hentry"],"_links":{"self":[{"href":"https:\/\/psiholog-satu-mare.com\/hu\/wp-json\/wp\/v2\/pages\/22","targetHints":{"allow":["GET"]}}],"collection":[{"href":"https:\/\/psiholog-satu-mare.com\/hu\/wp-json\/wp\/v2\/pages"}],"about":[{"href":"https:\/\/psiholog-satu-mare.com\/hu\/wp-json\/wp\/v2\/types\/page"}],"author":[{"embeddable":true,"href":"https:\/\/psiholog-satu-mare.com\/hu\/wp-json\/wp\/v2\/users\/2"}],"replies":[{"embeddable":true,"href":"https:\/\/psiholog-satu-mare.com\/hu\/wp-json\/wp\/v2\/comments?post=22"}],"version-history":[{"count":8,"href":"https:\/\/psiholog-satu-mare.com\/hu\/wp-json\/wp\/v2\/pages\/22\/revisions"}],"predecessor-version":[{"id":269,"href":"https:\/\/psiholog-satu-mare.com\/hu\/wp-json\/wp\/v2\/pages\/22\/revisions\/269"}],"wp:attachment":[{"href":"https:\/\/psiholog-satu-mare.com\/hu\/wp-json\/wp\/v2\/media?parent=22"}],"curies":[{"name":"wp","href":"https:\/\/api.w.org\/{rel}","templated":true}]}}