{"id":23,"date":"2024-09-28T17:37:22","date_gmt":"2024-09-28T17:37:22","guid":{"rendered":"https:\/\/psiholog-satu-mare.com\/hu\/szolgaltatasok\/"},"modified":"2026-04-06T18:01:08","modified_gmt":"2026-04-06T18:01:08","slug":"szolgaltatasok","status":"publish","type":"page","link":"https:\/\/psiholog-satu-mare.com\/hu\/szolgaltatasok\/","title":{"rendered":"Szolg\u00e1ltat\u00e1sok"},"content":{"rendered":"<section class=\"l-section wpb_row row2 pad3 height_medium\"><div class=\"l-section-h i-cf\"><div class=\"g-cols vc_row via_flex valign_top type_default stacking_default\"><div class=\"vc_col-sm-12 wpb_column vc_column_container\"><div class=\"vc_column-inner\"><div class=\"wpb_wrapper\"><div class=\"wpb_text_column t1 mrgbot42\"><div class=\"wpb_wrapper\"><h2>Szolg\u00e1ltat\u00e1saink<\/h2>\n<p>Ahhoz, hogy a ter\u00e1pia a lehet\u0151 leghat\u00e9konyabb legyen, fontos hogy a megfelel\u0151 kezel\u00e9st tal\u00e1ljuk meg az \u00d6n sz\u00e1m\u00e1ra<\/p>\n<\/div><\/div><div class=\"g-cols wpb_row mrgbot42 whitetxt via_flex valign_top type_default stacking_default\"><div class=\"vc_col-sm-6 wpb_column vc_column_container\"><div class=\"vc_column-inner\"><div class=\"wpb_wrapper\"><div class=\"wpb_text_column img\"><div class=\"wpb_wrapper\"><p><img loading=\"lazy\" decoding=\"async\" class=\"alignnone wp-image-329 size-full\" src=\"https:\/\/psiholog-satu-mare.com\/hu\/wp-content\/uploads\/2025\/02\/hands.jpg\" alt=\"\" width=\"184\" height=\"230\" \/><\/p>\n<\/div><\/div><div class=\"wpb_text_column txt\"><div class=\"wpb_wrapper\"><h3>Egy\u00e9ni ter\u00e1pia<\/h3>\n<p>Mindenkinek van az \u00e9let\u00e9ben olyan id\u0151szak, amikor nem tudja hogyan tov\u00e1bb, amikor nehezen, vagy nem tal\u00e1ljuk a kiutat az adott \u00e9lethelyzetb\u0151l.<\/p>\n<p><a href=\"https:\/\/psiholog-satu-mare.com\/hu\/egyeni-terapia\">B\u0151vebben <i class=\"fa fa-arrow-right arrow-right\"><\/i><\/a><\/p>\n<\/div><\/div><\/div><\/div><\/div><div class=\"vc_col-sm-6 wpb_column vc_column_container\"><div class=\"vc_column-inner\"><div class=\"wpb_wrapper\"><div class=\"wpb_text_column img\"><div class=\"wpb_wrapper\"><p><img loading=\"lazy\" decoding=\"async\" class=\"alignnone wp-image-324 size-full\" src=\"https:\/\/psiholog-satu-mare.com\/hu\/wp-content\/uploads\/2025\/02\/kez.jpg\" alt=\"\" width=\"184\" height=\"230\" \/><\/p>\n<\/div><\/div><div class=\"wpb_text_column txt\"><div class=\"wpb_wrapper\"><h3>Neurofeedback ter\u00e1pia<\/h3>\n<p>Egy modern, tudom\u00e1nyos alap\u00fa m\u00f3dszer, amely seg\u00edt az agyi m\u0171k\u00f6d\u00e9s szab\u00e1lyoz\u00e1s\u00e1ban, ez\u00e1ltal jav\u00edtva a ment\u00e1lis \u00e9s \u00e9rzelmi j\u00f3l\u00e9tet.<\/p>\n<p><a href=\"https:\/\/psiholog-satu-mare.com\/hu\/szolgaltatasok\/neurofeedback-terapia\">B\u0151vebben <i class=\"fa fa-arrow-right arrow-right\"><\/i><\/a><\/p>\n<\/div><\/div><\/div><\/div><\/div><div class=\"vc_col-sm-6 wpb_column vc_column_container\"><div class=\"vc_column-inner\"><div class=\"wpb_wrapper\"><div class=\"wpb_text_column img\"><div class=\"wpb_wrapper\"><p><img loading=\"lazy\" decoding=\"async\" class=\"alignnone wp-image-327 size-full\" src=\"https:\/\/psiholog-satu-mare.com\/hu\/wp-content\/uploads\/2025\/02\/fullhalgato.jpg\" alt=\"\" width=\"184\" height=\"230\" \/><\/p>\n<\/div><\/div><div class=\"wpb_text_column txt\"><div class=\"wpb_wrapper\"><h3>EMDR Ter\u00e1pia \u2013 Hat\u00e9kony M\u00f3dszer a Traumafeldolgoz\u00e1sban<\/h3>\n<p>Egy hat\u00e9kony pszichoter\u00e1pi\u00e1s m\u00f3dszer, amelyet els\u0151sorban traum\u00e1k feldolgoz\u00e1s\u00e1ra \u00e9s a hozz\u00e1juk kapcsol\u00f3d\u00f3 \u00e9rzelmi zavarok kezel\u00e9s\u00e9re haszn\u00e1lnak.<\/p>\n<p><a href=\"https:\/\/psiholog-satu-mare.com\/hu\/emdr-terapia\/\">B\u0151vebben <i class=\"fa fa-arrow-right arrow-right\"><\/i><\/a><\/p>\n<\/div><\/div><\/div><\/div><\/div><div class=\"vc_col-sm-6 wpb_column vc_column_container\"><div class=\"vc_column-inner\"><div class=\"wpb_wrapper\"><div class=\"wpb_text_column img\"><div class=\"wpb_wrapper\"><p><img loading=\"lazy\" decoding=\"async\" class=\"alignnone size-full wp-image-54\" src=\"https:\/\/psiholog-satu-mare.com\/hu\/wp-content\/uploads\/2024\/09\/people-in-casual-clothes-sitting-on-chairs-during-2023-11-27-04-57-07-utc-1.jpg\" alt=\"\" width=\"184\" height=\"230\" \/><\/p>\n<\/div><\/div><div class=\"wpb_text_column txt\"><div class=\"wpb_wrapper\"><h3>Csoportter\u00e1pia<\/h3>\n<p><span>A csoportter\u00e1pia seg\u00edt a mindennapi \u00e9letben felmer\u00fcl\u0151 probl\u00e9m\u00e1kkal val\u00f3 megk\u00fczd\u00e9sben.<\/span><\/p>\n<p><a href=\"https:\/\/psiholog-satu-mare.com\/hu\/szolgaltatasok\/csoportterapia\">B\u0151vebben <i class=\"fa fa-arrow-right arrow-right\"><\/i><\/a><\/p>\n<\/div><\/div><\/div><\/div><\/div><div class=\"vc_col-sm-6 wpb_column vc_column_container\"><div class=\"vc_column-inner\"><div class=\"wpb_wrapper\"><div class=\"wpb_text_column img\"><div class=\"wpb_wrapper\"><p><img loading=\"lazy\" decoding=\"async\" class=\"alignnone size-full wp-image-55\" src=\"https:\/\/psiholog-satu-mare.com\/hu\/wp-content\/uploads\/2024\/09\/couple-strolling-on-grassy-field-2024-06-04-19-55-52-utc-1.jpg\" alt=\"\" width=\"184\" height=\"230\" \/><\/p>\n<\/div><\/div><div class=\"wpb_text_column txt\"><div class=\"wpb_wrapper\"><h3>P\u00e1rter\u00e1pia<\/h3>\n<p>Sokszor a m\u00e1sikra haragszunk, mert nem olyan, vagy nem v\u00e1lt olyann\u00e1, amilyennek elk\u00e9pzelt\u00fck<\/p>\n<p><a href=\"https:\/\/psiholog-satu-mare.com\/hu\/szolgaltatasok\/parterapia-parkapcsolati-problemak\">B\u0151vebben <i class=\"fa fa-arrow-right arrow-right\"><\/i><\/a><\/p>\n<\/div><\/div><\/div><\/div><\/div><div class=\"vc_col-sm-6 wpb_column vc_column_container\"><div class=\"vc_column-inner\"><div class=\"wpb_wrapper\"><div class=\"wpb_text_column img\"><div class=\"wpb_wrapper\"><p><img loading=\"lazy\" decoding=\"async\" class=\"alignnone size-full wp-image-56\" src=\"https:\/\/psiholog-satu-mare.com\/hu\/wp-content\/uploads\/2024\/09\/young-caucasian-students-with-cups-of-coffee-2023-11-27-05-32-37-utc-1.jpg\" alt=\"\" width=\"184\" height=\"230\" \/><\/p>\n<\/div><\/div><div class=\"wpb_text_column txt\"><div class=\"wpb_wrapper\"><h3 class=\"p1\">Gyermek- \u00e9s serd\u00fcl\u0151pszichoter\u00e1pia<\/h3>\n<p class=\"p1\">A gyermek- \u00e9s serd\u00fcl\u0151pszichoter\u00e1pia c\u00e9lja, hogy seg\u00edtsen a fiataloknak megbirk\u00f3zni a fejl\u0151d\u00e9s\u00fck sor\u00e1n felmer\u00fcl\u0151 \u00e9rzelmi, ment\u00e1lis \u00e9s t\u00e1rsadalmi kih\u00edv\u00e1sokkal.<\/p>\n<p><a href=\"https:\/\/psiholog-satu-mare.com\/hu\/szolgaltatasok\/serdulok-dinamikus-terapiaja\">B\u0151vebben <i class=\"fa fa-arrow-right arrow-right\"><\/i><\/a><\/p>\n<\/div><\/div><\/div><\/div><\/div><\/div><div class=\"g-cols wpb_row mrgbot42 whitetxt via_flex valign_top type_default stacking_default\"><div class=\"vc_col-sm-6 wpb_column vc_column_container\"><div class=\"vc_column-inner\"><div class=\"wpb_wrapper\"><div class=\"wpb_text_column img\"><div class=\"wpb_wrapper\"><p><img loading=\"lazy\" decoding=\"async\" class=\"alignnone wp-image-213 size-full\" src=\"https:\/\/psiholog-satu-mare.com\/hu\/wp-content\/uploads\/2024\/10\/szorongas.jpg\" alt=\"\" width=\"184\" height=\"230\" \/><\/p>\n<\/div><\/div><div class=\"wpb_text_column txt\"><div class=\"wpb_wrapper\"><h3>Szorong\u00e1sos zavarok,f\u00f3bi\u00e1k kezel\u00e9se<\/h3>\n<p>Mindenki \u00e9rezte m\u00e1r azt amikor egy adott helyzetben hirtelen f\u00e9lelem t\u00f6r r\u00e1, izmai megfesz\u00fclnek, l\u00e9gz\u00e9se szapor\u00e1bb lessz \u00e9s szive kalap\u00e1lni kezd.<\/p>\n<p><a href=\"https:\/\/psiholog-satu-mare.com\/hu\/szorongasos-zavarokfobiak-kezelese\">B\u0151vebben <i class=\"fa fa-arrow-right arrow-right\"><\/i><\/a><\/p>\n<\/div><\/div><\/div><\/div><\/div><div class=\"vc_col-sm-6 wpb_column vc_column_container\"><div class=\"vc_column-inner\"><div class=\"wpb_wrapper\"><div class=\"wpb_text_column img\"><div class=\"wpb_wrapper\"><p><img loading=\"lazy\" decoding=\"async\" class=\"alignnone wp-image-334 size-full\" src=\"https:\/\/psiholog-satu-mare.com\/hu\/wp-content\/uploads\/2025\/02\/laptop.jpg\" alt=\"\" width=\"184\" height=\"230\" \/><\/p>\n<\/div><\/div><div class=\"wpb_text_column txt\"><div class=\"wpb_wrapper\"><h3 class=\"p1\">A klinikai szakpszichol\u00f3gus tev\u00e9kenys\u00e9ge<\/h3>\n<p class=\"p1\">A klinikai szakpszichol\u00f3gus a lelki eg\u00e9szs\u00e9g meg\u0151rz\u00e9s\u00e9vel, helyre\u00e1ll\u00edt\u00e1s\u00e1val \u00e9s fejleszt\u00e9s\u00e9vel foglalkozik<\/p>\n<p><a href=\"https:\/\/psiholog-satu-mare.com\/hu\/szolgaltatasok\/panikzavar-kezelese\">B\u0151vebben <i class=\"fa fa-arrow-right arrow-right\"><\/i><\/a><\/p>\n<\/div><\/div><\/div><\/div><\/div><div class=\"vc_col-sm-6 wpb_column vc_column_container\"><div class=\"vc_column-inner\"><div class=\"wpb_wrapper\"><div class=\"wpb_text_column img\"><div class=\"wpb_wrapper\"><p><img loading=\"lazy\" decoding=\"async\" class=\"alignnone wp-image-203 size-full\" src=\"https:\/\/psiholog-satu-mare.com\/hu\/wp-content\/uploads\/2024\/10\/dep.jpg\" alt=\"\" width=\"184\" height=\"230\" \/><\/p>\n<\/div><\/div><div class=\"wpb_text_column txt\"><div class=\"wpb_wrapper\"><h3>Hangulatzavarok, depresszi\u00f3 \u00e9s trauma kezel\u00e9se<\/h3>\n<p>A depresszi\u00f3 pszichi\u00e1triai megbeteged\u00e9s egy olyan rem\u00e9nytelen, szomor\u00fa \u00e1llapot, melyben az \u00e9let siv\u00e1rnak t\u0171nhet.<\/p>\n<p><a href=\"https:\/\/psiholog-satu-mare.com\/hu\/hangulatzavarok-depresszio-kezelese\/\">B\u0151vebben <i class=\"fa fa-arrow-right arrow-right\"><\/i><\/a><\/p>\n<\/div><\/div><\/div><\/div><\/div><div class=\"vc_col-sm-6 wpb_column vc_column_container\"><div class=\"vc_column-inner\"><div class=\"wpb_wrapper\"><div class=\"wpb_text_column img\"><div class=\"wpb_wrapper\"><p><img loading=\"lazy\" decoding=\"async\" class=\"alignnone wp-image-290 size-full\" src=\"https:\/\/psiholog-satu-mare.com\/hu\/wp-content\/uploads\/2025\/02\/figyelemzavar.png\" alt=\"\" width=\"180\" height=\"230\" \/><\/p>\n<\/div><\/div><div class=\"wpb_text_column txt\"><div class=\"wpb_wrapper\"><h3>Figyelemzavar Gyerekekn\u00e9l \u00e9s Kamaszokn\u00e1l<\/h3>\n<p class=\"p1\">A figyelemzavar, vagy hivatalos nev\u00e9n figyelemhi\u00e1nyos zavar (ADHD ), gyakori neurobiol\u00f3giai eredet\u0171 \u00e1llapot, amely gyermekeket, kamaszokat \u00e9s feln\u0151tteket is egyar\u00e1nt \u00e9rinthet.<\/p>\n<p><a href=\"https:\/\/psiholog-satu-mare.com\/hu\/szolgaltatasok\/hipnozis\">B\u0151vebben <i class=\"fa fa-arrow-right arrow-right\"><\/i><\/a><\/p>\n<\/div><\/div><\/div><\/div><\/div><div class=\"vc_col-sm-6 wpb_column vc_column_container\"><div class=\"vc_column-inner\"><div class=\"wpb_wrapper\"><div class=\"wpb_text_column img\"><div class=\"wpb_wrapper\"><p><img loading=\"lazy\" decoding=\"async\" class=\"alignnone wp-image-189 size-full\" src=\"https:\/\/psiholog-satu-mare.com\/hu\/wp-content\/uploads\/2024\/10\/gyasz.jpg\" alt=\"\" width=\"184\" height=\"230\" \/><\/p>\n<\/div><\/div><div class=\"wpb_text_column txt\"><div class=\"wpb_wrapper\"><h3>Gy\u00e1szfeldolgoz\u00e1s &#8211; T\u00e1mogat\u00e1s a vesztes\u00e9g feldolgoz\u00e1s\u00e1ban<\/h3>\n<p>Olyanok vagyunk, mint a b\u00e1r\u00e1nyok, amelyek a mez\u0151n j\u00e1tszanak, mik\u00f6zben a m\u00e9sz\u00e1ros m\u00e1r kiszemelte egyiket-m\u00e1sikat<\/p>\n<p><a href=\"https:\/\/psiholog-satu-mare.com\/hu\/szolgaltatasok\/gyasz-feldolgozasa\">B\u0151vebben <i class=\"fa fa-arrow-right arrow-right\"><\/i><\/a><\/p>\n<\/div><\/div><\/div><\/div><\/div><\/div><\/div><\/div><\/div><\/div><\/div><\/section>\n<section class=\"l-section wpb_row row3 pad3f height_medium\"><div class=\"l-section-h i-cf\"><div class=\"g-cols vc_row via_flex valign_top type_default stacking_default\"><div class=\"vc_col-sm-12 wpb_column vc_column_container\"><div class=\"vc_column-inner\"><div class=\"wpb_wrapper\"><div class=\"wpb_text_column\"><div class=\"wpb_wrapper\"><h2>\u00c1rak<\/h2>\n<p>A ter\u00e1pia keretei:- milyen gyakoris\u00e1ggal tal\u00e1lkozunk, h\u00e1ny tal\u00e1lkoz\u00e1sra<br \/>\nlesz sz\u00fcks\u00e9g, ez mindig szem\u00e9lyreszabott. Az \u00fcl\u00e9sek id\u0151tartama\u00a0 egy\u00e9ni ter\u00e1pi\u00e1ban 50 perc, a p\u00e1rter\u00e1pia 70 perc, a csoportter\u00e1pia 90- 100 perc.<\/p>\n<\/div><\/div><div class=\"w-content-carousel items_3 valign_stretch\"><div class=\"owl-carousel dotstyle_circle navstyle_circle navpos_outside owl-responsive-2000 with_arrows\" style=\"--items-gap:30px;--arrows-size:1.5rem;--arrows-offset:10px;\" onclick=\"return {&quot;aria_labels&quot;:{&quot;prev&quot;:&quot;Previous&quot;,&quot;next&quot;:&quot;Next&quot;},&quot;autoplayContinual&quot;:false,&quot;autoplayHoverPause&quot;:false,&quot;autoplayTimeout&quot;:3000,&quot;margin&quot;:30,&quot;mouseDrag&quot;:true,&quot;responsiveRefreshRate&quot;:100,&quot;slideBy&quot;:&quot;1&quot;,&quot;smartSpeed&quot;:250,&quot;touchDrag&quot;:true,&quot;responsive&quot;:{&quot;0&quot;:{&quot;autoHeight&quot;:false,&quot;autoplay&quot;:false,&quot;autoWidth&quot;:false,&quot;center&quot;:false,&quot;dots&quot;:false,&quot;items&quot;:1,&quot;loop&quot;:false,&quot;nav&quot;:true,&quot;stagePadding&quot;:0},&quot;767&quot;:{&quot;autoHeight&quot;:false,&quot;autoplay&quot;:false,&quot;autoWidth&quot;:false,&quot;center&quot;:false,&quot;dots&quot;:false,&quot;items&quot;:2,&quot;loop&quot;:false,&quot;nav&quot;:true,&quot;stagePadding&quot;:0},&quot;1023&quot;:{&quot;autoHeight&quot;:false,&quot;autoplay&quot;:false,&quot;autoWidth&quot;:false,&quot;center&quot;:false,&quot;dots&quot;:false,&quot;items&quot;:3,&quot;loop&quot;:true,&quot;nav&quot;:true,&quot;stagePadding&quot;:0}}}\"><div class=\"wpb_text_column\"><div class=\"wpb_wrapper\"><p><strong>Egy\u00e9ni ter\u00e1pia<\/strong><\/p>\n<p>250 RON<\/p>\n<\/div><\/div><div class=\"wpb_text_column\"><div class=\"wpb_wrapper\"><p><strong>EMDR ter\u00e1pia (traumafeldolgoz\u00e1s)<\/strong><\/p>\n<p>450 RON\/ \u00fcl\u00e9s<\/p>\n<\/div><\/div><div class=\"wpb_text_column\"><div class=\"wpb_wrapper\"><p><strong>P\u00e1rter\u00e1pia<\/strong><\/p>\n<p>350 RON<\/p>\n<\/div><\/div><div class=\"wpb_text_column\"><div class=\"wpb_wrapper\"><p><strong>Neurofeedback ter\u00e1pia<\/strong><\/p>\n<p>200 RON<\/p>\n<\/div><\/div><div class=\"wpb_text_column\"><div class=\"wpb_wrapper\"><p><strong>Csoport ter\u00e1pia<\/strong><\/p>\n<p>200 RON<\/p>\n<\/div><\/div><div class=\"wpb_text_column\"><div class=\"wpb_wrapper\"><p class=\"cufon\"><span>Serd\u00fcl\u0151k dinamikus ter\u00e1pi\u00e1ja<\/span><\/p>\n<p>250 RON<\/p>\n<\/div><\/div><\/div><\/div><div class=\"wpb_text_column btn1\"><div class=\"wpb_wrapper\"><\/div><\/div><\/div><\/div><\/div><\/div><\/div><\/section><section class=\"l-section wpb_row row4 pad3 height_medium\"><div class=\"l-section-h i-cf\"><div class=\"g-cols vc_row via_flex valign_top type_default stacking_default\"><\/div><\/div><\/section><div class=\"vc_col-sm-12 wpb_column vc_column_container\"><div class=\"vc_column-inner\"><div class=\"wpb_wrapper\"><\/div><\/div><\/div><div class=\"wpb_text_column mrgbot42\"><div class=\"wpb_wrapper\"><\/div><\/div>\n","protected":false},"excerpt":{"rendered":"Szolg\u00e1ltat\u00e1saink Ahhoz, hogy a ter\u00e1pia a lehet\u0151 leghat\u00e9konyabb legyen, fontos hogy a megfelel\u0151 kezel\u00e9st tal\u00e1ljuk meg az \u00d6n sz\u00e1m\u00e1ra Egy\u00e9ni ter\u00e1pia Mindenkinek van az \u00e9let\u00e9ben olyan id\u0151szak, amikor nem tudja hogyan tov\u00e1bb, amikor nehezen, vagy nem tal\u00e1ljuk a kiutat az adott \u00e9lethelyzetb\u0151l. B\u0151vebben Neurofeedback ter\u00e1pia Egy modern, tudom\u00e1nyos alap\u00fa m\u00f3dszer, amely seg\u00edt az agyi m\u0171k\u00f6d\u00e9s...","protected":false},"author":2,"featured_media":0,"parent":0,"menu_order":30,"comment_status":"closed","ping_status":"closed","template":"","meta":{"footnotes":""},"class_list":["post-23","page","type-page","status-publish","hentry"],"_links":{"self":[{"href":"https:\/\/psiholog-satu-mare.com\/hu\/wp-json\/wp\/v2\/pages\/23","targetHints":{"allow":["GET"]}}],"collection":[{"href":"https:\/\/psiholog-satu-mare.com\/hu\/wp-json\/wp\/v2\/pages"}],"about":[{"href":"https:\/\/psiholog-satu-mare.com\/hu\/wp-json\/wp\/v2\/types\/page"}],"author":[{"embeddable":true,"href":"https:\/\/psiholog-satu-mare.com\/hu\/wp-json\/wp\/v2\/users\/2"}],"replies":[{"embeddable":true,"href":"https:\/\/psiholog-satu-mare.com\/hu\/wp-json\/wp\/v2\/comments?post=23"}],"version-history":[{"count":38,"href":"https:\/\/psiholog-satu-mare.com\/hu\/wp-json\/wp\/v2\/pages\/23\/revisions"}],"predecessor-version":[{"id":408,"href":"https:\/\/psiholog-satu-mare.com\/hu\/wp-json\/wp\/v2\/pages\/23\/revisions\/408"}],"wp:attachment":[{"href":"https:\/\/psiholog-satu-mare.com\/hu\/wp-json\/wp\/v2\/media?parent=23"}],"curies":[{"name":"wp","href":"https:\/\/api.w.org\/{rel}","templated":true}]}}