{"id":231,"date":"2024-10-21T07:46:58","date_gmt":"2024-10-21T07:46:58","guid":{"rendered":"https:\/\/psiholog-satu-mare.com\/hu\/?page_id=231"},"modified":"2024-10-25T11:21:45","modified_gmt":"2024-10-25T11:21:45","slug":"felhasznalasi-feltetelek","status":"publish","type":"page","link":"https:\/\/psiholog-satu-mare.com\/hu\/felhasznalasi-feltetelek\/","title":{"rendered":"Felhaszn\u00e1l\u00e1si felt\u00e9telek"},"content":{"rendered":"<section class=\"l-section wpb_row height_medium\"><div class=\"l-section-h i-cf\"><div class=\"g-cols vc_row via_flex valign_top type_default stacking_default\"><div class=\"vc_col-sm-12 wpb_column vc_column_container\"><div class=\"vc_column-inner\"><div class=\"wpb_wrapper\"><div class=\"wpb_text_column\"><div class=\"wpb_wrapper\"><h1>Felhaszn\u00e1l\u00e1si felt\u00e9telek<\/h1>\n<\/div><\/div><\/div><\/div><\/div><\/div><\/div><\/section><section class=\"l-section wpb_row height_medium\"><div class=\"l-section-h i-cf\"><div class=\"g-cols vc_row via_flex valign_top type_default stacking_default\"><div class=\"vc_col-sm-12 wpb_column vc_column_container\"><div class=\"vc_column-inner\"><div class=\"wpb_wrapper\"><div class=\"wpb_text_column\"><div class=\"wpb_wrapper\"><p>\u00c1ltal\u00e1nos felt\u00e9telek a www.psiholog-satu-mare.com weboldal haszn\u00e1lat\u00e1hoz<\/p>\n<p>FELT\u00c9TELEK ELFOGAD\u00c1SA<\/p>\n<p>A weboldal \u00e9s\/vagy b\u00e1rmelyik oldal\u00e1nak el\u00e9r\u00e9s\u00e9vel \u00d6n elfogadja a haszn\u00e1lati felt\u00e9teleket. Ha nem \u00e9rt egyet ezekkel a felt\u00e9telekkel, k\u00e9rj\u00fck, ne haszn\u00e1lja a weboldalt.<\/p>\n<p>SZOLG\u00c1LTAT\u00c1SOK LE\u00cdR\u00c1SA<\/p>\n<p>Weboldalunk \u00e1ltal\u00e1nos t\u00e1j\u00e9koztat\u00e1si c\u00e9llal biztos\u00edtja az inform\u00e1ci\u00f3kat, \u00e9s b\u00e1r t\u00f6reksz\u00fcnk arra, hogy a k\u00f6zz\u00e9tett inform\u00e1ci\u00f3k pontosak legyenek, nem garant\u00e1ljuk azok pontoss\u00e1g\u00e1t a k\u00f6zz\u00e9t\u00e9tel pillanat\u00e1ban.<\/p>\n<p>BEVEZET\u0150<\/p>\n<p>Jelen \u00c1ltal\u00e1nos Felt\u00e9telek meghat\u00e1rozz\u00e1k a www.psiholog-satu-mare.com weboldal haszn\u00e1lat\u00e1nak felt\u00e9teleit a potenci\u00e1lis l\u00e1togat\u00f3k \u00e9s \u00fcgyfelek sz\u00e1m\u00e1ra. A weboldal b\u00f6ng\u00e9sz\u00e9s\u00e9vel \u00d6n elfogadja a k\u00f6vetkez\u0151 haszn\u00e1lati felt\u00e9teleket.<\/p>\n<p>AZ OLDAL TARTALM\u00c1HOZ F\u0170Z\u0150D\u0150 JOGOK<\/p>\n<p>Az MINDLABYRINTH SRL (a tov\u00e1bbiakban: MINDLABYRINTH ) nem ruh\u00e1zza \u00e1t a szoftverek tulajdonjog\u00e1t. Az MINDLABYRINTH SRL teljes tulajdonjoggal \u00e9s szerz\u0151i jogokkal rendelkezik az oldalon tal\u00e1lhat\u00f3 alkalmaz\u00e1sok \u00e9s egy\u00e9b anyagok felett. \u00d6nnek nincs joga \u00fajraosztani, eladni, visszafejteni vagy \u00e1talak\u00edtani a szoftvereket ember \u00e1ltal \u00e9rtelmezhet\u0151 form\u00e1ba.<\/p>\n<p>Az oldal \u00f6sszes inform\u00e1ci\u00f3ja, term\u00e9ke \u00e9s alkalmaz\u00e1sa az MINDLABYRINTH SRL tulajdona, amely fenntartja a jogot, hogy b\u00e1rmikor \u00e9s el\u0151zetes \u00e9rtes\u00edt\u00e9s n\u00e9lk\u00fcl m\u00f3dos\u00edtsa a tartalmat \u00e9s\/vagy a weboldal szerkezet\u00e9t.<\/p>\n<p>A www.psiholog-satu-mare.com weboldal teljes tartalma szerz\u0151i jogv\u00e9delem alatt \u00e1ll, \u00e9s minden jog fenntartva. A weboldal oldalai, tartalma \u00e9s megjelen\u00e9se az MINDLABYRINTH SRL tulajdona. A tartalom m\u00e1sol\u00e1sa, m\u00f3dos\u00edt\u00e1sa, megjelen\u00edt\u00e9se, terjeszt\u00e9se, k\u00f6zz\u00e9t\u00e9tele, kereskedelmi forgalmaz\u00e1sa, licencel\u00e9se vagy b\u00e1rmilyen m\u00e1s c\u00e9l\u00fa felhaszn\u00e1l\u00e1sa tilos az MINDLABYRINTH SRL \u00edr\u00e1sos enged\u00e9lye n\u00e9lk\u00fcl.<\/p>\n<p>Az psiholog-satu-mare.com\u00a0oldalhoz val\u00f3 hozz\u00e1f\u00e9r\u00e9s \u00e9s annak haszn\u00e1lata ingyenes, c\u00e9lja pedig, hogy a felhaszn\u00e1l\u00f3k k\u00f6nnyen \u00e9s gyorsan megtal\u00e1lj\u00e1k a sz\u00fcks\u00e9ges inform\u00e1ci\u00f3kat az egy\u00e9ni ig\u00e9nyeiknek megfelel\u0151en.<\/p>\n<p>Az psiholog-satu-mare.com oldalon el\u00e9rhet\u0151 inform\u00e1ci\u00f3k \u00e1ltal\u00e1nos \u00e9rdekl\u0151d\u00e9sre tarthatnak sz\u00e1mot, \u00e9s ingyenesen \u00e1llnak a felhaszn\u00e1l\u00f3k rendelkez\u00e9s\u00e9re. A &#8220;felhaszn\u00e1l\u00f3&#8221; kifejez\u00e9s ezen oldal b\u00e1rmely l\u00e1togat\u00f3j\u00e1ra, legyen az term\u00e9szetes vagy jogi szem\u00e9ly, vonatkozik. Az psiholog-satu-mare.com oldal tartalm\u00e1t m\u00e1solhatja \u00e9s nyomtathatja szem\u00e9lyes, nem kereskedelmi c\u00e9lra. Minden egy\u00e9b helyzetben a tartalom reprodukci\u00f3ja, m\u00f3dos\u00edt\u00e1sa vagy felhaszn\u00e1l\u00e1sa az psiholog-satu-mare.com\u00a0k\u00e9pvisel\u0151inek kifejezett beleegyez\u00e9se n\u00e9lk\u00fcl tilos.<\/p>\n<p>FELEL\u0150SS\u00c9G KIZ\u00c1R\u00c1SA<\/p>\n<p>Az oldalon tal\u00e1lhat\u00f3 tartalom az MINDLABYRINTH SRL tev\u00e9kenys\u00e9geinek, term\u00e9keinek \u00e9s szolg\u00e1ltat\u00e1sainak r\u00e9szletes le\u00edr\u00e1s\u00e1t ny\u00fajtja.<\/p>\n<p>Az MINDLABYRINTH SRL nem v\u00e1llal garanci\u00e1t a k\u00f6vetkez\u0151kre:<\/p>\n<p>\u2013 a weboldal haszn\u00e1lat\u00e1nak z\u00f6kken\u0151mentess\u00e9ge vagy megszakad\u00e1s\u00e1nak elker\u00fcl\u00e9se, \u2013 a weboldal haszn\u00e1lata \u00e1ltal m\u00e1s rendszerek negat\u00edv hat\u00e1s\u00e1nak elker\u00fcl\u00e9se, \u2013 a weboldalon tal\u00e1lhat\u00f3 v\u00edrusok vagy m\u00e1s k\u00e1ros komponensek hi\u00e1nya.<\/p>\n<p>Ez\u00e9rt az MINDLABYRINTH SRL nem vonhat\u00f3 felel\u0151ss\u00e9gre semmilyen k\u00f6zvetlen vagy k\u00f6zvetett k\u00e1r\u00e9rt, amely a weboldal haszn\u00e1lat\u00e1b\u00f3l ered.<\/p>\n<p>Az psiholog-satu-mare.com oldalon megjelen\u0151 term\u00e9kekkel, \u00e1rakkal, inform\u00e1ci\u00f3kkal, marketingkamp\u00e1nyokkal \u00e9s prom\u00f3ci\u00f3kkal, valamint technikai r\u00e9szletekkel kapcsolatos minden inform\u00e1ci\u00f3 csak t\u00e1j\u00e9koztat\u00f3 jelleg\u0171. Az psiholog-satu-mare.com weboldalon tal\u00e1lhat\u00f3 tartalom semmilyen k\u00f6r\u00fclm\u00e9nyek k\u00f6z\u00f6tt nem tekinthet\u0151 szerz\u0151d\u00e9sk\u00f6t\u00e9si aj\u00e1nlatnak.<\/p>\n<p>A psiholog-satu-mare.com weboldal tartalma, valamint az ott k\u00f6z\u00f6lt inform\u00e1ci\u00f3k \u00e9s egy\u00e9b anyagok nem min\u0151s\u00fclnek jogi tan\u00e1csad\u00e1snak az 1995. \u00e9vi 51. t\u00f6rv\u00e9ny \u00e9rtelm\u00e9ben.<\/p>\n<p>A GDPR egy \u00f6sszetett elveken alapul\u00f3 szab\u00e1lyrendszer, amely \u00e9rtelmez\u00e9sre nyitott, \u00e9s sz\u00e1mos ter\u00fcleten a tag\u00e1llamok beavatkoz\u00e1s\u00e1t k\u00e9ri. Jelenleg kev\u00e9s \u00fatmutat\u00e1s \u00e1ll rendelkez\u00e9sre a GDPR v\u00e9grehajt\u00e1s\u00e1val kapcsolatban, \u00e9s el\u0151fordulhat, hogy a Fel\u00fcgyeleti Hat\u00f3s\u00e1gok k\u00fcl\u00f6nb\u00f6z\u0151 \u00e1ll\u00e1spontokat k\u00e9pviselnek a jelen sablonban kifejtettekhez k\u00e9pest. Minden er\u0151fesz\u00edt\u00e9s\u00fcnk ellen\u00e9re, hogy a legjobb szolg\u00e1ltat\u00e1sokat ny\u00fajtsuk, nem tudjuk pontosan megj\u00f3solni, hogyan fogja a Fel\u00fcgyeleti Hat\u00f3s\u00e1g vagy a b\u00edr\u00f3s\u00e1g \u00e9rtelmezni a rendeletet.<\/p>\n<p>A www.psiholog-satu-mare.com nem tesz semmilyen kijelent\u00e9st, \u00edg\u00e9retet vagy garanci\u00e1t a jelen tartalom, \u00fatmutat\u00e1sok vagy tan\u00e1csok pontoss\u00e1g\u00e1val, teljess\u00e9g\u00e9vel vagy megfelel\u0151s\u00e9g\u00e9vel kapcsolatban, \u00e9s nem v\u00e1llal semmilyen eredm\u00e9nyre vagy gondoss\u00e1gra vonatkoz\u00f3 k\u00f6telezetts\u00e9get semmilyen szem\u00e9ly fel\u00e9. Kifejezetten kiz\u00e1rjuk \u00e9s tagadjuk a felel\u0151ss\u00e9get b\u00e1rmilyen k\u00f6lts\u00e9g\u00e9rt, vesztes\u00e9g\u00e9rt vagy k\u00e1r\u00e9rt, amely a tartalom haszn\u00e1lat\u00e1b\u00f3l eredhet.<\/p>\n<p>A WEBOLDAL TARTALM\u00c1NAK C\u00c9LJA<\/p>\n<p>A weboldal tartalm\u00e1nak c\u00e9lja az, hogy naprak\u00e9sz \u00e9s pontos inform\u00e1ci\u00f3kat ny\u00fajtson.<\/p>\n<p>Az MINDLABYRINTH SRL nem garant\u00e1lja, hogy a jelen oldalak hibamentesek, de minden er\u0151fesz\u00edt\u00e9st megtesz a pontos t\u00e1j\u00e9koztat\u00e1s \u00e9s az esetleges hib\u00e1k kijav\u00edt\u00e1sa \u00e9rdek\u00e9ben.<\/p>\n<p>B\u00e1rmely szem\u00e9ly, aki meg k\u00edv\u00e1nja v\u00e1s\u00e1rolni a weboldalon bemutatott szolg\u00e1ltat\u00e1sok vagy term\u00e9kek valamelyik\u00e9t, k\u00e9rj\u00fck, vegye fel a kapcsolatot az MINDLABYRINTH SRL \u00a0a weboldalon tal\u00e1lhat\u00f3 Kapcsolat oldalon kereszt\u00fcl, hogy t\u00e1j\u00e9koz\u00f3djon a szolg\u00e1ltat\u00e1s vagy term\u00e9k el\u00e9rhet\u0151s\u00e9g\u00e9r\u0151l, a szerz\u0151d\u00e9si felt\u00e9telekr\u0151l, d\u00edjakr\u00f3l \u00e9s egy\u00e9b m\u0171szaki vagy egy\u00e9b inform\u00e1ci\u00f3kr\u00f3l.<\/p>\n<p>SZEM\u00c9LYES INFORM\u00c1CI\u00d3K<\/p>\n<p>Amikor ezen az oldalon kereszt\u00fcl inform\u00e1ci\u00f3kat k\u00e9r\u00fcnk, az c\u00e9lja az \u00d6n azonos\u00edt\u00e1sa vagy az, hogy kapcsolatba tudjunk l\u00e9pni \u00d6nnel. Ez k\u00fcl\u00f6n\u00f6sen akkor sz\u00fcks\u00e9ges, ha a weboldalon el\u00e9rhet\u0151 alkalmaz\u00e1sokat haszn\u00e1lja.<\/p>\n<p>A k\u00e9rt inform\u00e1ci\u00f3k term\u00e9szete els\u0151sorban szem\u00e9lyes adatokat foglal mag\u00e1ban (n\u00e9v, c\u00edm, telefonsz\u00e1mok), e-mail c\u00edmet, valamint azt, hogy hogyan haszn\u00e1lja vagy k\u00edv\u00e1nja haszn\u00e1lni az MINDLABYRINTH SRL term\u00e9keit \u00e9s\/vagy szolg\u00e1ltat\u00e1sait, de mag\u00e1ban foglalhat egy\u00e9b, a k\u00e9rt szolg\u00e1ltat\u00e1sokkal \u00e9s\/vagy term\u00e9kekkel szorosan \u00f6sszef\u00fcgg\u0151 inform\u00e1ci\u00f3kat is.<\/p>\n<p>Annak \u00e9rdek\u00e9ben, hogy jobban meg tudjunk felelni a weboldal felhaszn\u00e1l\u00f3inak ig\u00e9nyeire \u00e9s k\u00e9rd\u00e9seire, a weboldalon kereszt\u00fcl k\u00e9rt inform\u00e1ci\u00f3k elektronikus t\u00e1rol\u00e1s \u00e9s feldolgoz\u00e1s t\u00e1rgy\u00e1t k\u00e9pezik.<\/p>\n<p>KAPCSOLAT M\u00c1S WEBOLDALAKKAL<br \/>\nEz a weboldal tartalmazhat hivatkoz\u00e1sokat vagy utal\u00e1sokat m\u00e1s weboldalakra, amelyeket az MINDLABYRINTH SRL hasznosnak tart a saj\u00e1t weboldala tartalm\u00e1val kapcsolatban, de amelyek nem \u00e1llnak az ir\u00e1ny\u00edt\u00e1sa vagy fel\u00fcgyelete alatt. Ezen hivatkoz\u00e1sok haszn\u00e1lata eset\u00e9n az adott weboldalakra vonatkoz\u00f3 \u00e1ltal\u00e1nos felhaszn\u00e1l\u00e1si felt\u00e9telek lesznek \u00e9rv\u00e9nyesek.<\/p>\n<p>Az MINDLABYRINTH SRL nem tudja garant\u00e1lni vagy ellen\u0151rizni a harmadik felek weboldalain tal\u00e1lhat\u00f3 inform\u00e1ci\u00f3k aktualit\u00e1s\u00e1t\/pontoss\u00e1g\u00e1t, amelyekre a saj\u00e1t weboldal\u00e1r\u00f3l mutatnak hivatkoz\u00e1sok.<\/p>\n<p>AZ OLDALON KERESZT\u00dcL NY\u00daJTOTT INFORM\u00c1CI\u00d3K<\/p>\n<p>B\u00e1rmely szem\u00e9ly, aki megl\u00e1togatja a www.psiholog-satu-mare.com weboldalt \u00e9s szem\u00e9lyes adatokat vagy inform\u00e1ci\u00f3kat ad meg ezen a weboldalon kereszt\u00fcl, kifejezetten \u00e9s egy\u00e9rtelm\u0171en hozz\u00e1j\u00e1rul a k\u00f6vetkez\u0151kh\u00f6z: ezen adatok \u00e9s inform\u00e1ci\u00f3k feldolgoz\u00e1sa az MINDLABYRINTH SRL \u00e1ltal; prom\u00f3ci\u00f3s anyagok tov\u00e1bb\u00edt\u00e1sa, amelyek kifejezetten k\u00f6zvetlen marketingm\u0171veletekre vonatkoznak; az MINDLABYRINTH SRL \u00e1ltal beny\u00fajtott k\u00e9relmek, k\u00e9rd\u00e9sek \u00e9s panaszok megold\u00e1sa (l\u00e1sd a Kapcsolat oldalt); \u00e9s m\u00e1s, az MINDLABYRINTH SRL \u00e1ltal v\u00e9gzett tev\u00e9kenys\u00e9gek, amelyeket a t\u00f6rv\u00e9ny megenged, \u00e9s amelyekhez nem sz\u00fcks\u00e9ges a c\u00edmzett j\u00f3v\u00e1hagy\u00e1sa.<\/p>\n<p>A\u00a0MINDLABYRINTH SRL bizalmasan kezeli ezeket az inform\u00e1ci\u00f3kat.<\/p>\n<p>A weboldal tov\u00e1bbi haszn\u00e1lata az \u00d6n kifejezett \u00e9s egy\u00e9rtelm\u0171 hozz\u00e1j\u00e1rul\u00e1s\u00e1t jelenti az adatok v\u00e9delm\u00e9vel kapcsolatos 677\/2001 t\u00f6rv\u00e9ny \u00e9s a GDPR ir\u00e1nyelvek \u00e9rtelm\u00e9ben, amelyek a szem\u00e9lyes adatok kezel\u00e9s\u00e9re \u00e9s azok szabad \u00e1raml\u00e1s\u00e1ra vonatkoznak.<\/p>\n<p>Ha b\u00e1rmilyen k\u00e9rd\u00e9se van a weboldal haszn\u00e1lat\u00e1val kapcsolatos jogai gyakorl\u00e1s\u00e1val \u00e9s a felhaszn\u00e1l\u00e1s v\u00e9delm\u00e9vel kapcsolatban, k\u00e9rj\u00fck, vegye fel vel\u00fcnk a kapcsolatot a weboldalon tal\u00e1lhat\u00f3 Kapcsolat oldalon kereszt\u00fcl.<\/p>\n<\/div><\/div><\/div><\/div><\/div><\/div><\/div><\/section>\n","protected":false},"excerpt":{"rendered":"Felhaszn\u00e1l\u00e1si felt\u00e9telek \u00c1ltal\u00e1nos felt\u00e9telek a www.psiholog-satu-mare.com weboldal haszn\u00e1lat\u00e1hoz FELT\u00c9TELEK ELFOGAD\u00c1SA A weboldal \u00e9s\/vagy b\u00e1rmelyik oldal\u00e1nak el\u00e9r\u00e9s\u00e9vel \u00d6n elfogadja a haszn\u00e1lati felt\u00e9teleket. Ha nem \u00e9rt egyet ezekkel a felt\u00e9telekkel, k\u00e9rj\u00fck, ne haszn\u00e1lja a weboldalt. SZOLG\u00c1LTAT\u00c1SOK LE\u00cdR\u00c1SA Weboldalunk \u00e1ltal\u00e1nos t\u00e1j\u00e9koztat\u00e1si c\u00e9llal biztos\u00edtja az inform\u00e1ci\u00f3kat, \u00e9s b\u00e1r t\u00f6reksz\u00fcnk arra, hogy a k\u00f6zz\u00e9tett inform\u00e1ci\u00f3k pontosak legyenek, nem garant\u00e1ljuk azok...","protected":false},"author":3,"featured_media":0,"parent":0,"menu_order":0,"comment_status":"closed","ping_status":"closed","template":"","meta":{"footnotes":""},"class_list":["post-231","page","type-page","status-publish","hentry"],"_links":{"self":[{"href":"https:\/\/psiholog-satu-mare.com\/hu\/wp-json\/wp\/v2\/pages\/231","targetHints":{"allow":["GET"]}}],"collection":[{"href":"https:\/\/psiholog-satu-mare.com\/hu\/wp-json\/wp\/v2\/pages"}],"about":[{"href":"https:\/\/psiholog-satu-mare.com\/hu\/wp-json\/wp\/v2\/types\/page"}],"author":[{"embeddable":true,"href":"https:\/\/psiholog-satu-mare.com\/hu\/wp-json\/wp\/v2\/users\/3"}],"replies":[{"embeddable":true,"href":"https:\/\/psiholog-satu-mare.com\/hu\/wp-json\/wp\/v2\/comments?post=231"}],"version-history":[{"count":3,"href":"https:\/\/psiholog-satu-mare.com\/hu\/wp-json\/wp\/v2\/pages\/231\/revisions"}],"predecessor-version":[{"id":237,"href":"https:\/\/psiholog-satu-mare.com\/hu\/wp-json\/wp\/v2\/pages\/231\/revisions\/237"}],"wp:attachment":[{"href":"https:\/\/psiholog-satu-mare.com\/hu\/wp-json\/wp\/v2\/media?parent=231"}],"curies":[{"name":"wp","href":"https:\/\/api.w.org\/{rel}","templated":true}]}}