{"id":24,"date":"2024-09-28T17:37:22","date_gmt":"2024-09-28T17:37:22","guid":{"rendered":"https:\/\/psiholog-satu-mare.com\/hu\/galeria\/"},"modified":"2025-01-15T14:28:12","modified_gmt":"2025-01-15T14:28:12","slug":"galeria","status":"publish","type":"page","link":"https:\/\/psiholog-satu-mare.com\/hu\/galeria\/","title":{"rendered":"Gal\u00e9ria"},"content":{"rendered":"<section class=\"l-section wpb_row pad3 height_medium\"><div class=\"l-section-h i-cf\"><div class=\"g-cols vc_row via_flex valign_top type_default stacking_default\"><div class=\"vc_col-sm-12 wpb_column vc_column_container\"><div class=\"vc_column-inner\"><div class=\"wpb_wrapper\"><div class=\"wpb_text_column\"><div class=\"wpb_wrapper\"><h2 class=\"cufon\">F\u00e9nyk\u00e9p gal\u00e9ria<\/h2>\n<\/div><\/div><div class=\"w-gallery fit_cover type_grid ratio_1x1 count_3\" style=\"--columns:4;--items-gap:10px;\"><div class=\"w-gallery-list\"><div class=\"w-gallery-item\"><div class=\"w-gallery-item-img\"><img loading=\"lazy\" decoding=\"async\" width=\"600\" height=\"399\" src=\"https:\/\/psiholog-satu-mare.com\/hu\/wp-content\/uploads\/2024\/10\/3-1.jpg\" class=\"attachment-large size-large\" alt=\"\" srcset=\"https:\/\/psiholog-satu-mare.com\/hu\/wp-content\/uploads\/2024\/10\/3-1.jpg 600w, https:\/\/psiholog-satu-mare.com\/hu\/wp-content\/uploads\/2024\/10\/3-1-300x200.jpg 300w\" sizes=\"auto, (max-width: 600px) 100vw, 600px\" \/><\/div><\/div><div class=\"w-gallery-item\"><div class=\"w-gallery-item-img\"><img loading=\"lazy\" decoding=\"async\" width=\"600\" height=\"400\" src=\"https:\/\/psiholog-satu-mare.com\/hu\/wp-content\/uploads\/2024\/10\/2.jpg\" class=\"attachment-large size-large\" alt=\"\" srcset=\"https:\/\/psiholog-satu-mare.com\/hu\/wp-content\/uploads\/2024\/10\/2.jpg 600w, https:\/\/psiholog-satu-mare.com\/hu\/wp-content\/uploads\/2024\/10\/2-300x200.jpg 300w\" sizes=\"auto, (max-width: 600px) 100vw, 600px\" \/><\/div><\/div><div class=\"w-gallery-item\"><div class=\"w-gallery-item-img\"><img loading=\"lazy\" decoding=\"async\" width=\"484\" height=\"484\" src=\"https:\/\/psiholog-satu-mare.com\/hu\/wp-content\/uploads\/2024\/09\/Mind-Labyrinth-3-1.jpg\" class=\"attachment-large size-large\" alt=\"\" srcset=\"https:\/\/psiholog-satu-mare.com\/hu\/wp-content\/uploads\/2024\/09\/Mind-Labyrinth-3-1.jpg 484w, https:\/\/psiholog-satu-mare.com\/hu\/wp-content\/uploads\/2024\/09\/Mind-Labyrinth-3-1-300x300.jpg 300w, https:\/\/psiholog-satu-mare.com\/hu\/wp-content\/uploads\/2024\/09\/Mind-Labyrinth-3-1-150x150.jpg 150w\" sizes=\"auto, (max-width: 484px) 100vw, 484px\" \/><\/div><\/div><\/div><\/div><\/div><\/div><\/div><\/div><\/div><\/section>\n","protected":false},"excerpt":{"rendered":"F\u00e9nyk\u00e9p gal\u00e9ria","protected":false},"author":2,"featured_media":0,"parent":0,"menu_order":40,"comment_status":"closed","ping_status":"closed","template":"","meta":{"footnotes":""},"class_list":["post-24","page","type-page","status-publish","hentry"],"_links":{"self":[{"href":"https:\/\/psiholog-satu-mare.com\/hu\/wp-json\/wp\/v2\/pages\/24","targetHints":{"allow":["GET"]}}],"collection":[{"href":"https:\/\/psiholog-satu-mare.com\/hu\/wp-json\/wp\/v2\/pages"}],"about":[{"href":"https:\/\/psiholog-satu-mare.com\/hu\/wp-json\/wp\/v2\/types\/page"}],"author":[{"embeddable":true,"href":"https:\/\/psiholog-satu-mare.com\/hu\/wp-json\/wp\/v2\/users\/2"}],"replies":[{"embeddable":true,"href":"https:\/\/psiholog-satu-mare.com\/hu\/wp-json\/wp\/v2\/comments?post=24"}],"version-history":[{"count":10,"href":"https:\/\/psiholog-satu-mare.com\/hu\/wp-json\/wp\/v2\/pages\/24\/revisions"}],"predecessor-version":[{"id":267,"href":"https:\/\/psiholog-satu-mare.com\/hu\/wp-json\/wp\/v2\/pages\/24\/revisions\/267"}],"wp:attachment":[{"href":"https:\/\/psiholog-satu-mare.com\/hu\/wp-json\/wp\/v2\/media?parent=24"}],"curies":[{"name":"wp","href":"https:\/\/api.w.org\/{rel}","templated":true}]}}