{"id":356,"date":"2026-01-09T11:10:21","date_gmt":"2026-01-09T11:10:21","guid":{"rendered":"https:\/\/psiholog-satu-mare.com\/hu\/?page_id=356"},"modified":"2026-01-09T11:10:21","modified_gmt":"2026-01-09T11:10:21","slug":"egyuttmukodo-partnereink","status":"publish","type":"page","link":"https:\/\/psiholog-satu-mare.com\/hu\/egyuttmukodo-partnereink\/","title":{"rendered":"Egy\u00fcttm\u0171k\u00f6d\u0151 partnereink"},"content":{"rendered":"<p data-pm-slice=\"1 1 []\">V\u00eelcu Mihai Darius vagyok, klinikai pszichol\u00f3gus.<\/p>\n<p>A Babe\u0219-Bolyai Tudom\u00e1nyegyetem Pszichol\u00f3gia \u00e9s Nevel\u00e9studom\u00e1nyi Kar\u00e1n szereztem diplom\u00e1t, majd ugyanitt v\u00e9geztem el az Igazs\u00e1g\u00fcgyi Pszichol\u00f3gia mesterk\u00e9pz\u00e9st. Jelenleg szuperv\u00edzi\u00f3 alatt \u00e1ll\u00f3 klinikai pszichol\u00f3gusk\u00e9nt tev\u00e9kenykedem. Sz\u00e1mos kutat\u00e1si projektben vettem r\u00e9szt (p\u00e9ld\u00e1ul az ELIRA vagy a RIDDLE Lab keretein bel\u00fcl), amelyek fejlesztett\u00e9k a csapatmunka ir\u00e1nti k\u00e9szs\u00e9gemet \u00e9s a r\u00e9szletekre val\u00f3 odafigyel\u00e9semet. Az \u00e9vek sor\u00e1n v\u00e9gzett sz\u00e1mos \u00f6nk\u00e9ntes tev\u00e9kenys\u00e9g tov\u00e1bb m\u00e9ly\u00edtette a velesz\u00fcletett k\u00edv\u00e1ncsis\u00e1gomat \u00e9s az emberek, valamint az \u0151ket meghat\u00e1roz\u00f3 pszichol\u00f3giai folyamatok ir\u00e1nti elk\u00f6telezetts\u00e9gemet.<\/p>\n","protected":false},"excerpt":{"rendered":"<p>V\u00eelcu Mihai Darius vagyok, klinikai pszichol\u00f3gus. A Babe\u0219-Bolyai Tudom\u00e1nyegyetem Pszichol\u00f3gia \u00e9s Nevel\u00e9studom\u00e1nyi Kar\u00e1n szereztem diplom\u00e1t, majd ugyanitt v\u00e9geztem el az Igazs\u00e1g\u00fcgyi Pszichol\u00f3gia mesterk\u00e9pz\u00e9st. Jelenleg szuperv\u00edzi\u00f3 alatt \u00e1ll\u00f3 klinikai pszichol\u00f3gusk\u00e9nt tev\u00e9kenykedem. Sz\u00e1mos kutat\u00e1si projektben vettem r\u00e9szt (p\u00e9ld\u00e1ul az ELIRA vagy a RIDDLE Lab keretein bel\u00fcl), amelyek fejlesztett\u00e9k a csapatmunka ir\u00e1nti k\u00e9szs\u00e9gemet \u00e9s a r\u00e9szletekre val\u00f3 odafigyel\u00e9semet&#8230;.<\/p>\n","protected":false},"author":3,"featured_media":0,"parent":0,"menu_order":0,"comment_status":"closed","ping_status":"closed","template":"","meta":{"footnotes":""},"class_list":["post-356","page","type-page","status-publish","hentry"],"_links":{"self":[{"href":"https:\/\/psiholog-satu-mare.com\/hu\/wp-json\/wp\/v2\/pages\/356","targetHints":{"allow":["GET"]}}],"collection":[{"href":"https:\/\/psiholog-satu-mare.com\/hu\/wp-json\/wp\/v2\/pages"}],"about":[{"href":"https:\/\/psiholog-satu-mare.com\/hu\/wp-json\/wp\/v2\/types\/page"}],"author":[{"embeddable":true,"href":"https:\/\/psiholog-satu-mare.com\/hu\/wp-json\/wp\/v2\/users\/3"}],"replies":[{"embeddable":true,"href":"https:\/\/psiholog-satu-mare.com\/hu\/wp-json\/wp\/v2\/comments?post=356"}],"version-history":[{"count":1,"href":"https:\/\/psiholog-satu-mare.com\/hu\/wp-json\/wp\/v2\/pages\/356\/revisions"}],"predecessor-version":[{"id":357,"href":"https:\/\/psiholog-satu-mare.com\/hu\/wp-json\/wp\/v2\/pages\/356\/revisions\/357"}],"wp:attachment":[{"href":"https:\/\/psiholog-satu-mare.com\/hu\/wp-json\/wp\/v2\/media?parent=356"}],"curies":[{"name":"wp","href":"https:\/\/api.w.org\/{rel}","templated":true}]}}